{"id":2523,"date":"2023-07-20T17:19:18","date_gmt":"2023-07-20T21:19:18","guid":{"rendered":"https:\/\/emba.com.bo\/?page_id=2523"},"modified":"2023-07-20T17:19:18","modified_gmt":"2023-07-20T21:19:18","slug":"news","status":"publish","type":"page","link":"https:\/\/emba.com.bo\/en\/news\/","title":{"rendered":"NEWS"},"content":{"rendered":"[vc_section full_width=&#8221;stretch_row&#8221; css=&#8221;.vc_custom_1669304528463{padding-top: 120px !important;background-image: url(https:\/\/emba.com.bo\/wp-content\/uploads\/2022\/09\/bannerPagina-min.jpg?id=1102) !important;background-position: 0 0 !important;background-repeat: no-repeat !important;}&#8221; wpex_bg_position=&#8221;bottom&#8221; wpex_bg_size=&#8221;cover&#8221;][vc_row][vc_column]<h1 class=\"vcex-heading vcex-module wpex-text-2xl wpex-font-normal wpex-m-auto wpex-max-w-100 vcex-heading-plain wpex-block wpex-text-center title-banner-bg-linear\" style=\"font-size:12.4rem;font-weight:900;\"><span class=\"vcex-heading-inner wpex-inline-block wpex-clr\">News<\/span><\/h1>[\/vc_column][\/vc_row][vc_row][vc_column]<div  class=\"box-search box-search--transparent \">\r\n                <p class=\"box-search__text\">Our <strong>team of experts<\/strong> is ready to meet the needs of your company<\/p>\r\n                <form method=\"get\" action=\"https:\/\/emba.com.bo\/busqueda\/\" class=\"form-search\" >\r\n                    <label class=\"form-search__label\">\r\n                        <span class=\"screen-reader-text\">Search by name, specialty area or keyword<\/span>\r\n                        <input class=\"form-search__input\" type=\"search\" placeholder=\"Search by name, specialty area or keyword\" name=\"search\" \/>\r\n                        <span class=\"form-search__textError\" style=\"display:none\">Ingrese alguna palabra para realizar la b\u00fasqueda por favor<\/span>\r\n                    <\/label><button class=\"form-search__btn btn btn-primary\" type=\"submit\"><span class=\"btn-search-text\">Search<\/span><span class=\"btn-search-text btn-search-text--active\">SEARCHING...<\/span><i class=\"btn-search-text__icon ticon ticon-search\"><\/i><\/button>\r\n                <\/form>\r\n            <\/div>[\/vc_column][\/vc_row][\/vc_section][vc_row full_width=&#8221;stretch_row_content&#8221; css=&#8221;.vc_custom_1658864979496{padding-top: 60px !important;}&#8221;][vc_column]<div class=\"wpex-post-cards wpex-post-cards-blog_14 wpex-mb-30\"><div class=\"wpex-post-cards-grid wpex-row wpex-clr\"><div class=\"wpex-post-cards-entry post-4099 type-post col col-1 span_1_of_3 cat-3 translation_priority-5\"><div class=\"wpex-card wpex-card-blog_14\"><div class=\"wpex-card-media wpex-mb-15\"><div class=\"wpex-card-thumbnail wpex-relative wpex-image-hover opacity\"><a href=\"https:\/\/emba.com.bo\/en\/moreno-baldivieso-recognized-as-bolivia-law-firm-of-the-year-by-chambers-and-partners-2026\/\"><img loading=\"lazy\" class=\"wpex-align-middle\" alt=\"Moreno Baldivieso Recognized As Bolivia Law Firm Of The Year By Chambers And Partners 2026\" src=\"https:\/\/emba.com.bo\/wp-content\/uploads\/2026\/03\/Firm-of-the-Year-2026-web-300x77.jpg\" srcset=\"https:\/\/emba.com.bo\/wp-content\/uploads\/2026\/03\/Firm-of-the-Year-2026-web-300x77.jpg 300w, https:\/\/emba.com.bo\/wp-content\/uploads\/2026\/03\/Firm-of-the-Year-2026-web-768x198.jpg 768w, https:\/\/emba.com.bo\/wp-content\/uploads\/2026\/03\/Firm-of-the-Year-2026-web.jpg 970w\" width=\"300\" height=\"77\"><\/a><\/div><\/div><div class=\"wpex-card-date wpex-mb-10\">13 de March de 2026<\/div><h3 class=\"wpex-card-title wpex-heading wpex-text-2xl\"><a href=\"https:\/\/emba.com.bo\/en\/moreno-baldivieso-recognized-as-bolivia-law-firm-of-the-year-by-chambers-and-partners-2026\/\">Moreno Baldivieso Recognized as Bolivia Law Firm of the Year by Chambers and Partners 2026<\/a><\/h3><div class=\"wpex-card-excerpt wpex-last-mb-0 wpex-mt-15\"><p>Chambers and Partners has once again recognized Moreno Baldivieso as Bolivian Law Firm of the Year, following a rigorous comparative process that comprehensively evaluates the Bolivian legal market and highlights firms demonstrating outstanding performance in legal advisory services. This recognition reflects a trajectory built on consistent results over time. With&hellip;<\/p><\/div><div class=\"wpex-card-more-link wpex-mt-15\"><a href=\"https:\/\/emba.com.bo\/en\/moreno-baldivieso-recognized-as-bolivia-law-firm-of-the-year-by-chambers-and-partners-2026\/\" aria-label=\"Seguir leyendo about Moreno Baldivieso Recognized as Bolivia Law Firm of the Year by Chambers and Partners 2026\" class=\"wpex-border-0 wpex-border-b wpex-border-solid wpex-pb-5 wpex-no-underline\">Seguir leyendo<\/a><\/div><\/div><\/div><div class=\"wpex-post-cards-entry post-3666 type-post col col-2 span_1_of_3 cat-3 post_tag-196 translation_priority-5\"><div class=\"wpex-card wpex-card-blog_14\"><div class=\"wpex-card-media wpex-mb-15\"><div class=\"wpex-card-thumbnail wpex-relative wpex-image-hover opacity\"><a href=\"https:\/\/emba.com.bo\/en\/chambers-global-2025-moreno-baldivieso-only-bolivian-firm-ranked-band-1-in-all-practice-areas\/\"><img loading=\"lazy\" class=\"wpex-align-middle\" alt=\"Chambers Global 2025: Moreno Baldivieso, Only Bolivian Firm Ranked Band 1 In All Practice Areas\" src=\"https:\/\/emba.com.bo\/wp-content\/uploads\/2025\/02\/nota-web-chambers-global-guide-2025-300x151.png\" srcset=\"https:\/\/emba.com.bo\/wp-content\/uploads\/2025\/02\/nota-web-chambers-global-guide-2025-300x151.png 300w, https:\/\/emba.com.bo\/wp-content\/uploads\/2025\/02\/nota-web-chambers-global-guide-2025-1024x517.png 1024w, https:\/\/emba.com.bo\/wp-content\/uploads\/2025\/02\/nota-web-chambers-global-guide-2025-768x388.png 768w, https:\/\/emba.com.bo\/wp-content\/uploads\/2025\/02\/nota-web-chambers-global-guide-2025.png 1536w\" width=\"300\" height=\"151\"><\/a><\/div><\/div><div class=\"wpex-card-date wpex-mb-10\">20 de February de 2025<\/div><h3 class=\"wpex-card-title wpex-heading wpex-text-2xl\"><a href=\"https:\/\/emba.com.bo\/en\/chambers-global-2025-moreno-baldivieso-only-bolivian-firm-ranked-band-1-in-all-practice-areas\/\">Chambers Global 2025: Moreno Baldivieso, only Bolivian firm ranked Band 1 in all practice areas<\/a><\/h3><div class=\"wpex-card-excerpt wpex-last-mb-0 wpex-mt-15\"><p>Chambers and Partners has released its Global Guide 2025, ranking Moreno Baldivieso in Band 1 across all three evaluated practice areas, reaffirming its position as Bolivia\u2019s leading law firm. This prestigious recognition, awarded by the world\u2019s most influential legal directory, highlights firms and lawyers providing exceptional service across more than&hellip;<\/p><\/div><div class=\"wpex-card-more-link wpex-mt-15\"><a href=\"https:\/\/emba.com.bo\/en\/chambers-global-2025-moreno-baldivieso-only-bolivian-firm-ranked-band-1-in-all-practice-areas\/\" aria-label=\"Seguir leyendo about Chambers Global 2025: Moreno Baldivieso, only Bolivian firm ranked Band 1 in all practice areas\" class=\"wpex-border-0 wpex-border-b wpex-border-solid wpex-pb-5 wpex-no-underline\">Seguir leyendo<\/a><\/div><\/div><\/div><div class=\"wpex-post-cards-entry post-3615 type-post col col-3 span_1_of_3 cat-3 post_tag-196 post_tag-197 translation_priority-5\"><div class=\"wpex-card wpex-card-blog_14\"><div class=\"wpex-card-media wpex-mb-15\"><div class=\"wpex-card-thumbnail wpex-relative wpex-image-hover opacity\"><a href=\"https:\/\/emba.com.bo\/en\/11-years-of-recognition-as-bolivias-best-law-firm-by-chambers-partners\/\"><img loading=\"lazy\" class=\"wpex-align-middle\" alt=\"11 Years Of Recognition As Bolivia\u2019s Best Law Firm By Chambers &#038; Partners\" src=\"https:\/\/emba.com.bo\/wp-content\/uploads\/2025\/01\/nota-web-chambers-2024-e1738250974353.png\" srcset=\"https:\/\/emba.com.bo\/wp-content\/uploads\/2025\/01\/nota-web-chambers-2024-300x151.png 300w, https:\/\/emba.com.bo\/wp-content\/uploads\/2025\/01\/nota-web-chambers-2024-1024x517.png 1024w, https:\/\/emba.com.bo\/wp-content\/uploads\/2025\/01\/nota-web-chambers-2024-768x388.png 768w, https:\/\/emba.com.bo\/wp-content\/uploads\/2025\/01\/nota-web-chambers-2024.png 1536w\" width=\"1536\" height=\"775\"><\/a><\/div><\/div><div class=\"wpex-card-date wpex-mb-10\">29 de January de 2025<\/div><h3 class=\"wpex-card-title wpex-heading wpex-text-2xl\"><a href=\"https:\/\/emba.com.bo\/en\/11-years-of-recognition-as-bolivias-best-law-firm-by-chambers-partners\/\">11 Years of Recognition as Bolivia\u2019s Best Law Firm by Chambers &#038; Partners<\/a><\/h3><div class=\"wpex-card-excerpt wpex-last-mb-0 wpex-mt-15\"><p>At Moreno Baldivieso, we are proud to share that we have once again been recognized by Chambers &amp; Partners as Bolivia\u2019s Law Firm of the Year. In the legal field, this prestigious award is equivalent to winning a gold medal or an Oscar, a distinction reserved for firms that meet&hellip;<\/p><\/div><div class=\"wpex-card-more-link wpex-mt-15\"><a href=\"https:\/\/emba.com.bo\/en\/11-years-of-recognition-as-bolivias-best-law-firm-by-chambers-partners\/\" aria-label=\"Seguir leyendo about 11 Years of Recognition as Bolivia\u2019s Best Law Firm by Chambers &#038; Partners\" class=\"wpex-border-0 wpex-border-b wpex-border-solid wpex-pb-5 wpex-no-underline\">Seguir leyendo<\/a><\/div><\/div><\/div><div class=\"wpex-post-cards-entry post-3398 type-post col col-1 span_1_of_3 cat-3 translation_priority-5\"><div class=\"wpex-card wpex-card-blog_14\"><div class=\"wpex-card-media wpex-mb-15\"><div class=\"wpex-card-thumbnail wpex-relative wpex-image-hover opacity\"><a href=\"https:\/\/emba.com.bo\/en\/moreno-baldivieso-leads-legal-digitalization-in-bolivia-with-integration-of-harvey\/\"><img loading=\"lazy\" class=\"wpex-align-middle\" alt=\"Moreno Baldivieso Leads Legal Digitalization In Bolivia With Integration Of Harvey\" src=\"https:\/\/emba.com.bo\/wp-content\/uploads\/2024\/11\/nota-web-AI-harvey-ingles-1-300x151.png\" srcset=\"https:\/\/emba.com.bo\/wp-content\/uploads\/2024\/11\/nota-web-AI-harvey-ingles-1-300x151.png 300w, https:\/\/emba.com.bo\/wp-content\/uploads\/2024\/11\/nota-web-AI-harvey-ingles-1-1024x517.png 1024w, https:\/\/emba.com.bo\/wp-content\/uploads\/2024\/11\/nota-web-AI-harvey-ingles-1-768x388.png 768w, https:\/\/emba.com.bo\/wp-content\/uploads\/2024\/11\/nota-web-AI-harvey-ingles-1.png 1536w\" width=\"300\" height=\"151\"><\/a><\/div><\/div><div class=\"wpex-card-date wpex-mb-10\">4 de November de 2024<\/div><h3 class=\"wpex-card-title wpex-heading wpex-text-2xl\"><a href=\"https:\/\/emba.com.bo\/en\/moreno-baldivieso-leads-legal-digitalization-in-bolivia-with-integration-of-harvey\/\">Moreno Baldivieso Leads Legal Digitalization in Bolivia with Integration of Harvey<\/a><\/h3><div class=\"wpex-card-excerpt wpex-last-mb-0 wpex-mt-15\"><p>As Bolivia\u2019s largest and most prominent law and business services firm, we at Moreno Baldivieso are proud to announce our strategic alliance with Harvey, the leading AI-driven professional services platform. By integrating Harvey, we are setting a new benchmark in Bolivia, becoming the first firm in the country to adopt&hellip;<\/p><\/div><div class=\"wpex-card-more-link wpex-mt-15\"><a href=\"https:\/\/emba.com.bo\/en\/moreno-baldivieso-leads-legal-digitalization-in-bolivia-with-integration-of-harvey\/\" aria-label=\"Seguir leyendo about Moreno Baldivieso Leads Legal Digitalization in Bolivia with Integration of Harvey\" class=\"wpex-border-0 wpex-border-b wpex-border-solid wpex-pb-5 wpex-no-underline\">Seguir leyendo<\/a><\/div><\/div><\/div><div class=\"wpex-post-cards-entry post-547 type-post col col-2 span_1_of_3 cat-3 translation_priority-5\"><div class=\"wpex-card wpex-card-blog_14\"><div class=\"wpex-card-media wpex-mb-15\"><div class=\"wpex-card-thumbnail wpex-relative wpex-image-hover opacity\"><a href=\"https:\/\/emba.com.bo\/en\/uk-regulatory-sandbox\/\"><img loading=\"lazy\" class=\"wpex-align-middle\" alt=\"UK\u2019S REGULATORY SANDBOX: KEY TAKEAWAYS FOR BOLIVIA`S BENEFIT\" src=\"https:\/\/emba.com.bo\/wp-content\/uploads\/2022\/04\/articulo-web-01-01-300x169.jpg\" srcset=\"https:\/\/emba.com.bo\/wp-content\/uploads\/2022\/04\/articulo-web-01-01-300x169.jpg 300w, https:\/\/emba.com.bo\/wp-content\/uploads\/2022\/04\/articulo-web-01-01-1024x576.jpg 1024w, https:\/\/emba.com.bo\/wp-content\/uploads\/2022\/04\/articulo-web-01-01-768x432.jpg 768w, https:\/\/emba.com.bo\/wp-content\/uploads\/2022\/04\/articulo-web-01-01-1536x864.jpg 1536w, https:\/\/emba.com.bo\/wp-content\/uploads\/2022\/04\/articulo-web-01-01.jpg 1600w\" width=\"300\" height=\"169\"><\/a><\/div><\/div><div class=\"wpex-card-date wpex-mb-10\">19 de April de 2022<\/div><h3 class=\"wpex-card-title wpex-heading wpex-text-2xl\"><a href=\"https:\/\/emba.com.bo\/en\/uk-regulatory-sandbox\/\">UK\u2019S REGULATORY SANDBOX: KEY TAKEAWAYS FOR BOLIVIA`S BENEFIT<\/a><\/h3><div class=\"wpex-card-excerpt wpex-last-mb-0 wpex-mt-15\"><p>Fernando Landa and Mirko Olmos &nbsp; Innovation is the cornerstone for any country\u2019s development and competitiveness. There is little to no doubt that finance is the area where innovation has impacted the most throughout the years, and even more during the past decade. The still standing question remains: how can&hellip;<\/p><\/div><div class=\"wpex-card-more-link wpex-mt-15\"><a href=\"https:\/\/emba.com.bo\/en\/uk-regulatory-sandbox\/\" aria-label=\"Seguir leyendo about UK\u2019S REGULATORY SANDBOX: KEY TAKEAWAYS FOR BOLIVIA`S BENEFIT\" class=\"wpex-border-0 wpex-border-b wpex-border-solid wpex-pb-5 wpex-no-underline\">Seguir leyendo<\/a><\/div><\/div><\/div><div class=\"wpex-post-cards-entry post-546 type-post col col-3 span_1_of_3 cat-80 cat-71 cat-3 post_tag-119 translation_priority-5\"><div class=\"wpex-card wpex-card-blog_14\"><div class=\"wpex-card-media wpex-mb-15\"><div class=\"wpex-card-thumbnail wpex-relative wpex-image-hover opacity\"><a href=\"https:\/\/emba.com.bo\/en\/fintech-in-bolivia\/\"><img loading=\"lazy\" class=\"wpex-align-middle\" alt=\"Fintech In Bolivia\" src=\"https:\/\/emba.com.bo\/wp-content\/uploads\/2021\/10\/arte-1-web-300x163.png\" srcset=\"https:\/\/emba.com.bo\/wp-content\/uploads\/2021\/10\/arte-1-web-300x163.png 300w, https:\/\/emba.com.bo\/wp-content\/uploads\/2021\/10\/arte-1-web-1024x557.png 1024w, https:\/\/emba.com.bo\/wp-content\/uploads\/2021\/10\/arte-1-web-768x418.png 768w, https:\/\/emba.com.bo\/wp-content\/uploads\/2021\/10\/arte-1-web.png 1050w\" width=\"300\" height=\"163\"><\/a><\/div><\/div><div class=\"wpex-card-date wpex-mb-10\">1 de October de 2021<\/div><h3 class=\"wpex-card-title wpex-heading wpex-text-2xl\"><a href=\"https:\/\/emba.com.bo\/en\/fintech-in-bolivia\/\">Fintech in Bolivia<\/a><\/h3><div class=\"wpex-card-excerpt wpex-last-mb-0 wpex-mt-15\"><p>In Bolivia, the Central Bank oversees the payment system.[1] While the Financial System Supervising Authority (ASFI, per its acronym in Spanish) regulates and supervises the financial system.[2] All financial intermediation activities and the provision of financial services are deemed to be of public interest and can only be performed by&hellip;<\/p><\/div><div class=\"wpex-card-more-link wpex-mt-15\"><a href=\"https:\/\/emba.com.bo\/en\/fintech-in-bolivia\/\" aria-label=\"Seguir leyendo about Fintech in Bolivia\" class=\"wpex-border-0 wpex-border-b wpex-border-solid wpex-pb-5 wpex-no-underline\">Seguir leyendo<\/a><\/div><\/div><\/div><div class=\"wpex-post-cards-entry post-545 type-post col col-1 span_1_of_3 cat-3 cat-72 cat-71 post_tag-105 translation_priority-5\"><div class=\"wpex-card wpex-card-blog_14\"><div class=\"wpex-card-media wpex-mb-15\"><div class=\"wpex-card-thumbnail wpex-relative wpex-image-hover opacity\"><a href=\"https:\/\/emba.com.bo\/en\/reglamento-para-la-aplicacion-e-implementacion-de-las-condiciones-especiales-de-teletrabajo-y-trabajo-a-distancia\/\"><img loading=\"lazy\" class=\"wpex-align-middle\" alt=\"Reglamento Para La Aplicaci\u00f3n E Implementaci\u00f3n De Las Condiciones Especiales De Teletrabajo Y Trabajo A Distancia.\" src=\"https:\/\/emba.com.bo\/wp-content\/uploads\/2021\/09\/Condiciones-de-trabajo-MB1-01-300x163.png\" srcset=\"https:\/\/emba.com.bo\/wp-content\/uploads\/2021\/09\/Condiciones-de-trabajo-MB1-01-300x163.png 300w, https:\/\/emba.com.bo\/wp-content\/uploads\/2021\/09\/Condiciones-de-trabajo-MB1-01-1024x557.png 1024w, https:\/\/emba.com.bo\/wp-content\/uploads\/2021\/09\/Condiciones-de-trabajo-MB1-01-768x418.png 768w, https:\/\/emba.com.bo\/wp-content\/uploads\/2021\/09\/Condiciones-de-trabajo-MB1-01-1536x835.png 1536w, https:\/\/emba.com.bo\/wp-content\/uploads\/2021\/09\/Condiciones-de-trabajo-MB1-01.png 1600w\" width=\"300\" height=\"163\"><\/a><\/div><\/div><div class=\"wpex-card-date wpex-mb-10\">30 de September de 2021<\/div><h3 class=\"wpex-card-title wpex-heading wpex-text-2xl\"><a href=\"https:\/\/emba.com.bo\/en\/reglamento-para-la-aplicacion-e-implementacion-de-las-condiciones-especiales-de-teletrabajo-y-trabajo-a-distancia\/\">Reglamento para la aplicaci\u00f3n e implementaci\u00f3n de las condiciones especiales de Teletrabajo y Trabajo a Distancia.<\/a><\/h3><div class=\"wpex-card-excerpt wpex-last-mb-0 wpex-mt-15\"><p>Dando cumplimiento a lo se\u00f1alado en el Decreto Supremo No. 4570 de fecha 18 de agosto de 2021, - cuyo objeto era el de normar la aplicaci\u00f3n de las condiciones especiales de trabajo, en las relaciones laborales y la prestaci\u00f3n de servicios de los sectores p\u00fablico y privado, durante la&hellip;<\/p><\/div><div class=\"wpex-card-more-link wpex-mt-15\"><a href=\"https:\/\/emba.com.bo\/en\/reglamento-para-la-aplicacion-e-implementacion-de-las-condiciones-especiales-de-teletrabajo-y-trabajo-a-distancia\/\" aria-label=\"Seguir leyendo about Reglamento para la aplicaci\u00f3n e implementaci\u00f3n de las condiciones especiales de Teletrabajo y Trabajo a Distancia.\" class=\"wpex-border-0 wpex-border-b wpex-border-solid wpex-pb-5 wpex-no-underline\">Seguir leyendo<\/a><\/div><\/div><\/div><div class=\"wpex-post-cards-entry post-544 type-post col col-2 span_1_of_3 cat-3 translation_priority-5\"><div class=\"wpex-card wpex-card-blog_14\"><div class=\"wpex-card-media wpex-mb-15\"><div class=\"wpex-card-thumbnail wpex-relative wpex-image-hover opacity\"><a href=\"https:\/\/emba.com.bo\/en\/dia-internacional-del-derecho-del-acceso-universal-a-la-informacion\/\"><img loading=\"lazy\" class=\"wpex-align-middle\" alt=\"D\u00eda Internacional Del Derecho Del Acceso Universal A La Informaci\u00f3n\" src=\"https:\/\/emba.com.bo\/wp-content\/uploads\/2021\/09\/28-enero-noticia-web-300x163.jpg\" srcset=\"https:\/\/emba.com.bo\/wp-content\/uploads\/2021\/09\/28-enero-noticia-web-300x163.jpg 300w, https:\/\/emba.com.bo\/wp-content\/uploads\/2021\/09\/28-enero-noticia-web-1024x557.jpg 1024w, https:\/\/emba.com.bo\/wp-content\/uploads\/2021\/09\/28-enero-noticia-web-768x418.jpg 768w, https:\/\/emba.com.bo\/wp-content\/uploads\/2021\/09\/28-enero-noticia-web.jpg 1050w\" width=\"300\" height=\"163\"><\/a><\/div><\/div><div class=\"wpex-card-date wpex-mb-10\">28 de September de 2021<\/div><h3 class=\"wpex-card-title wpex-heading wpex-text-2xl\"><a href=\"https:\/\/emba.com.bo\/en\/dia-internacional-del-derecho-del-acceso-universal-a-la-informacion\/\">D\u00eda Internacional del Derecho del Acceso Universal a la Informaci\u00f3n<\/a><\/h3><div class=\"wpex-card-excerpt wpex-last-mb-0 wpex-mt-15\"><p>D\u00eda Internacional del Derecho del Acceso Universal a la Informaci\u00f3n &nbsp; El 28 de septiembre se celebra el D\u00eda Internacional del Derecho de Acceso Universal a la Informaci\u00f3n, un d\u00eda que rememora y a su vez hace homenaje al hecho de que no siempre las personas tuvimos el beneficio y&hellip;<\/p><\/div><div class=\"wpex-card-more-link wpex-mt-15\"><a href=\"https:\/\/emba.com.bo\/en\/dia-internacional-del-derecho-del-acceso-universal-a-la-informacion\/\" aria-label=\"Seguir leyendo about D\u00eda Internacional del Derecho del Acceso Universal a la Informaci\u00f3n\" class=\"wpex-border-0 wpex-border-b wpex-border-solid wpex-pb-5 wpex-no-underline\">Seguir leyendo<\/a><\/div><\/div><\/div><div class=\"wpex-post-cards-entry post-543 type-post col col-3 span_1_of_3 cat-80 cat-71 cat-3 post_tag-119 translation_priority-5\"><div class=\"wpex-card wpex-card-blog_14\"><div class=\"wpex-card-media wpex-mb-15\"><div class=\"wpex-card-thumbnail wpex-relative wpex-image-hover opacity\"><a href=\"https:\/\/emba.com.bo\/en\/fintech-in-latin-america\/\"><img loading=\"lazy\" class=\"wpex-align-middle\" alt=\"Fintech In Latin America\" src=\"https:\/\/emba.com.bo\/wp-content\/uploads\/2021\/09\/web-1-300x163.png\" srcset=\"https:\/\/emba.com.bo\/wp-content\/uploads\/2021\/09\/web-1-300x163.png 300w, https:\/\/emba.com.bo\/wp-content\/uploads\/2021\/09\/web-1-1024x557.png 1024w, https:\/\/emba.com.bo\/wp-content\/uploads\/2021\/09\/web-1-768x418.png 768w, https:\/\/emba.com.bo\/wp-content\/uploads\/2021\/09\/web-1.png 1050w\" width=\"300\" height=\"163\"><\/a><\/div><\/div><div class=\"wpex-card-date wpex-mb-10\">22 de September de 2021<\/div><h3 class=\"wpex-card-title wpex-heading wpex-text-2xl\"><a href=\"https:\/\/emba.com.bo\/en\/fintech-in-latin-america\/\">Fintech in Latin America<\/a><\/h3><div class=\"wpex-card-excerpt wpex-last-mb-0 wpex-mt-15\"><p>In 2020, the Bank for International Settlements published a research paper that found that in 2019, more than half of Latin Americans had no access to any type of financial service.[1] &nbsp; That same year, Argentina, Brazil, Chile, Colombia, and Mexico accounted for the largest fintech deals in Latin America.&hellip;<\/p><\/div><div class=\"wpex-card-more-link wpex-mt-15\"><a href=\"https:\/\/emba.com.bo\/en\/fintech-in-latin-america\/\" aria-label=\"Seguir leyendo about Fintech in Latin America\" class=\"wpex-border-0 wpex-border-b wpex-border-solid wpex-pb-5 wpex-no-underline\">Seguir leyendo<\/a><\/div><\/div><\/div><\/div><div class=\"wpex-pagination wpex-clear wpex-mt-30 wpex-clr\"><ul class='page-numbers'>\n\t<li><span aria-current=\"page\" class=\"page-numbers current\"><span class=\"screen-reader-text\">Page <\/span>1<\/span><\/li>\n\t<li><a class=\"page-numbers\" href=\"https:\/\/emba.com.bo\/en\/wp-json\/wp\/v2\/pages\/2523\/page\/2\/\"><span class=\"screen-reader-text\">Page <\/span>2<\/a><\/li>\n\t<li><a class=\"next page-numbers\" href=\"https:\/\/emba.com.bo\/en\/wp-json\/wp\/v2\/pages\/2523\/page\/2\/\"><span class=\"ticon ticon-angle-right\" aria-hidden=\"true\"><\/span><span class=\"screen-reader-text\">Next<\/span><\/a><\/li>\n<\/ul>\n<\/div><\/div>[\/vc_column][\/vc_row]\n","protected":false},"excerpt":{"rendered":"<p>[vc_section full_width=&#8221;stretch_row&#8221; css=&#8221;.vc_custom_1669304528463{padding-top: 120px !important;background-image: url(https:\/\/emba.com.bo\/wp-content\/uploads\/2022\/09\/bannerPagina-min.jpg?id=1102) !important;background-position: 0 0 !important;background-repeat: no-repeat !important;}&#8221; wpex_bg_position=&#8221;bottom&#8221; wpex_bg_size=&#8221;cover&#8221;][vc_row][vc_column][\/vc_column][\/vc_row][vc_row][vc_column][\/vc_column][\/vc_row][\/vc_section][vc_row full_width=&#8221;stretch_row_content&#8221; css=&#8221;.vc_custom_1658864979496{padding-top: 60px !important;}&#8221;][vc_column][\/vc_column][\/vc_row]<\/p>\n","protected":false},"author":1,"featured_media":0,"parent":0,"menu_order":0,"comment_status":"closed","ping_status":"closed","template":"","meta":[],"acf":[],"_links":{"self":[{"href":"https:\/\/emba.com.bo\/en\/wp-json\/wp\/v2\/pages\/2523"}],"collection":[{"href":"https:\/\/emba.com.bo\/en\/wp-json\/wp\/v2\/pages"}],"about":[{"href":"https:\/\/emba.com.bo\/en\/wp-json\/wp\/v2\/types\/page"}],"author":[{"embeddable":true,"href":"https:\/\/emba.com.bo\/en\/wp-json\/wp\/v2\/users\/1"}],"replies":[{"embeddable":true,"href":"https:\/\/emba.com.bo\/en\/wp-json\/wp\/v2\/comments?post=2523"}],"version-history":[{"count":2,"href":"https:\/\/emba.com.bo\/en\/wp-json\/wp\/v2\/pages\/2523\/revisions"}],"predecessor-version":[{"id":2526,"href":"https:\/\/emba.com.bo\/en\/wp-json\/wp\/v2\/pages\/2523\/revisions\/2526"}],"wp:attachment":[{"href":"https:\/\/emba.com.bo\/en\/wp-json\/wp\/v2\/media?parent=2523"}],"curies":[{"name":"wp","href":"https:\/\/api.w.org\/{rel}","templated":true}]}}